{"id":4895,"date":"2023-08-28T15:56:31","date_gmt":"2023-08-28T13:56:31","guid":{"rendered":"https:\/\/elchiringuitogroup.com\/?page_id=4895"},"modified":"2023-08-31T23:14:55","modified_gmt":"2023-08-31T21:14:55","slug":"politica-de-privacidad","status":"publish","type":"page","link":"https:\/\/elchiringuitogroup.com\/en\/politica-de-privacidad\/","title":{"rendered":"Pol\u00edtica de privacidad"},"content":{"rendered":"<div class=\"fusion-fullwidth fullwidth-box fusion-builder-row-1 fusion-flex-container has-pattern-background has-mask-background nonhundred-percent-fullwidth non-hundred-percent-height-scrolling\" style=\"--awb-border-radius-top-left:0px;--awb-border-radius-top-right:0px;--awb-border-radius-bottom-right:0px;--awb-border-radius-bottom-left:0px;--awb-flex-wrap:wrap;\" ><div class=\"fusion-builder-row fusion-row fusion-flex-align-items-flex-start fusion-flex-content-wrap\" style=\"max-width:1248px;margin-left: calc(-4% \/ 2 );margin-right: calc(-4% \/ 2 );\"><div class=\"fusion-layout-column fusion_builder_column fusion-builder-column-0 fusion_builder_column_1_1 1_1 fusion-flex-column\" style=\"--awb-bg-size:cover;--awb-width-large:100%;--awb-margin-top-large:0px;--awb-spacing-right-large:1.92%;--awb-margin-bottom-large:20px;--awb-spacing-left-large:1.92%;--awb-width-medium:100%;--awb-order-medium:0;--awb-spacing-right-medium:1.92%;--awb-spacing-left-medium:1.92%;--awb-width-small:100%;--awb-order-small:0;--awb-spacing-right-small:1.92%;--awb-spacing-left-small:1.92%;\"><div class=\"fusion-column-wrapper fusion-column-has-shadow fusion-flex-justify-content-flex-start fusion-content-layout-column\"><div class=\"fusion-title title fusion-title-1 fusion-sep-none fusion-title-text fusion-title-size-one\" style=\"--awb-font-size:40px;\"><h1 class=\"fusion-title-heading title-heading-left\" style=\"margin:0;font-size:1em;\">Pol\u00edtica de privacidad<\/h1><\/div><div class=\"fusion-text fusion-text-1\" style=\"--awb-text-font-family:&quot;Poppins&quot;;--awb-text-font-style:normal;--awb-text-font-weight:400;\"><p>\u00daltima actualizaci\u00f3n: 28\/08\/2023<\/p>\n<\/p>\n<ol>\n<li><strong>POL\u00cdTICA DE PRIVACIDAD Y PROTECCI\u00d3N DE DATOS<\/strong><\/li>\n<\/ol>\n<p>En El Chiringuito Group nos preocupamos por la privacidad y la transparencia, por ello, le indicamos los tratamientos de datos personales que realiza nuestro sitio web, as\u00ed como toda aquella informaci\u00f3n relativa a los mismos de acuerdo con lo establecido en la legislaci\u00f3n vigente.<\/p>\n<p><strong>Leyes que incorpora esta pol\u00edtica de privacidad<\/strong><\/p>\n<p>Esta pol\u00edtica de privacidad est\u00e1 adaptada a la normativa espa\u00f1ola y europea vigente en materia de protecci\u00f3n de datos personales en internet respetando las siguientes normas:<\/p>\n<ul>\n<li>El Reglamento (UE) 2016\/679 del Parlamento Europeo y del Consejo, de 27 de abril de 2016, relativo a la protecci\u00f3n de las personas f\u00edsicas en lo que respecta al tratamiento de datos personales y a la libre circulaci\u00f3n de estos.<\/li>\n<\/ul>\n<ul>\n<li>La Ley Org\u00e1nica 3\/2018, de 5 de diciembre, de Protecci\u00f3n de Datos Personales y garant\u00eda de los derechos digitales.<\/li>\n<\/ul>\n<ul>\n<li>El Real Decreto 1720\/2007, de 21 de diciembre, por el que se aprueba el Reglamento de desarrollo de la Ley Org\u00e1nica 15\/1999, de 13 de diciembre, de Protecci\u00f3n de Datos de Car\u00e1cter Personal.<\/li>\n<\/ul>\n<ul>\n<li>La Ley 34\/2002, de 11 de julio, de Servicios de la Sociedad de la Informaci\u00f3n y de Comercio Electr\u00f3nico.<\/li>\n<\/ul>\n<p><strong>Identidad del responsable del tratamiento de los datos personales<\/strong><\/p>\n<p>Los datos del responsable del tratamiento de los datos personales recogidos en <a href=\"http:\/\/elchiringuitogroup.com\/en\/\">elchiringuitogroup.com<\/a> son los siguientes:<\/p>\n<p>&#8211; Denominaci\u00f3n social: OFISOL 2000, S.L.<\/p>\n<p>&#8211; N.I.F.: B-63022412<\/p>\n<p>&#8211; Domicilio social: C\/Coma de bo, 64-70, 08394, St. Vicen\u00e7 de Montalt<\/p>\n<p>&#8211; Tel\u00e9fono de contacto: 672719349<\/p>\n<p>&#8211; Email de contacto: <a href=\"http:\/\/elchiringuitogroup.com\/en\/\">elchiringuitogroup.com<\/a><\/p>\n<\/p>\n<p><strong>REGISTRO DE DATOS PERSONALES<\/strong><\/p>\n<p>Le informamos que los datos personales recabados en este sitio web quedar\u00e1n incorporados y ser\u00e1n tratados en nuestros ficheros con el fin de poder facilitar, agilizar y cumplir los compromisos establecidos entre El Chiringuito Group y el Usuario o el mantenimiento de la relaci\u00f3n que se establezca en los formularios que este rellene.<\/p>\n<p>Utilizamos la informaci\u00f3n recopilada para mejorar la experiencia del usuario en nuestro sitio web, proporcionar servicios solicitados, enviar comunicaciones de marketing si has dado tu consentimiento y cumplir con nuestras obligaciones legales. No compartiremos tu informaci\u00f3n personal con terceros a menos que sea necesario para brindar los servicios solicitados o estemos legalmente obligados a hacerlo.<\/p>\n<\/p>\n<p><strong>PRINCIPIOS APLICABLES AL TRATAMIENTO DE SUS DATOS PERSONALES<\/strong><\/p>\n<p>El tratamiento de los datos personales del Usuario se someter\u00e1 a los siguientes principios recogidos en el art\u00edculo 5 del RGPD y en el art\u00edculo 4 y siguientes de la Ley Org\u00e1nica 3\/2018, 5 de diciembre, de Protecci\u00f3n de Datos Personales y garant\u00eda de los derechos digitales.<\/p>\n<\/p>\n<ul>\n<li>Principio de licitud, lealtad y transparencia: se garantiza que los datos recogidos ser\u00e1n tratados de manera l\u00edcita, leal y completamente transparente en los fines para los cuales se recogen anteriormente.<\/li>\n<\/ul>\n<ul>\n<li>Principio de limitaci\u00f3n de la finalidad: los datos recogidos no ser\u00e1n tratados con otra finalidad que no haya estado recogida con fines determinados, expl\u00edcitos y leg\u00edtimos.<\/li>\n<\/ul>\n<ul>\n<li>Principio de minimizaci\u00f3n de datos: los datos recogidos ser\u00e1n \u00fanicamente necesarios para los fines en que son tratados.<\/li>\n<\/ul>\n<ul>\n<li>Principio de exactitud: los datos personales recogidos deben ser exactos y estar siempre actualizados.<\/li>\n<\/ul>\n<ul>\n<li>Principio de limitaci\u00f3n de plazo de conservaci\u00f3n: los datos personales recogidos ser\u00e1n mantenidos durante el tiempo necesario para el cumplimiento de las finalidades pertinentes.<\/li>\n<\/ul>\n<ul>\n<li>Principio de integridad y confidencialidad: se garantiza la seguridad y la confidencialidad de los datos personales recogidos en el sitio web.<\/li>\n<\/ul>\n<ul>\n<li>Principio de responsabilidad proactiva: el responsable del tratamiento ser\u00e1 responsable de asegurar que los principios anteriores se cumplen.<\/li>\n<\/ul>\n<p><strong>PERIODOS DE RETENCI\u00d3N DE LOS DATOS PERSONALES<\/strong><\/p>\n<p>Los datos personales recogidos en el sitio web solo ser\u00e1n retenidos durante el tiempo m\u00ednimo necesario para los fines de su tratamiento.<\/p>\n<\/p>\n<p><strong>SECRETO Y SEGURIDAD DE LOS DATOS PERSONALES<\/strong><\/p>\n<p>El Chiringuito Group garantiza la seguridad de los datos personales recogidos en el sitio web, evitando cualquier tipo de destrucci\u00f3n, p\u00e9rdida o alteraci\u00f3n accidental o il\u00edcita de datos personales transmitidos, conservados o tratados de otra forma, o la comunicaci\u00f3n o acceso no autorizados a dichos datos.<\/p>\n<p>Los datos personales ser\u00e1n tratados como confidenciales por el responsable del tratamiento, quien se compromete a informar de y a garantizar que dicha confidencialidad sea respetada por sus empleados, asociados, y toda persona a la cual le haga accesible la informaci\u00f3n.<\/p>\n<\/p>\n<p><strong>DERECHOS DERIVADOS DEL TRATAMIENTO DE LOS DATOS PERSONALES<\/strong><\/p>\n<p>El usuario tiene los siguientes derechos reconocidos en el RGPD y en la Ley Org\u00e1nica 3\/2018, de 5 de diciembre, de Protecci\u00f3n de Datos Personales y garant\u00eda de los derechos digitales:<\/p>\n<ul>\n<li>Derecho de acceso: el usuario tendr\u00e1 derecho en saber si sus datos est\u00e1n siendo tratados, y en caso afirmativo, obtener informaci\u00f3n sobre el tratamiento que El Chiringuito Group haya realizado o realice.<\/li>\n<\/ul>\n<ul>\n<li>Derecho de rectificaci\u00f3n: el usuario tiene derecho a modificar sus datos personales siempre y cuando resulten ser inexactos o incompletos.<\/li>\n<\/ul>\n<ul>\n<li>Derecho de supresi\u00f3n: el usuario tiene derecho a que sus datos sean suprimidos cuando estos ya no sean necesarios para los fines para los cuales fueron recogidos o tratados; el usuario retire su consentimiento al tratamiento de estos y no exista otro motivo leg\u00edtimo para continuar con el mismo; los datos personales hayan sido tratados de forma il\u00edcita; los datos deban suprimirse en cumplimiento de una obligaci\u00f3n legal; o los datos personales hayan sido obtenidos producto de una oferta directa de servicios de la sociedad de la informaci\u00f3n a un menor de 14 a\u00f1os.<\/li>\n<\/ul>\n<ul>\n<li>Derecho de limitaci\u00f3n del tratamiento: el usuario tiene derecho a limitar el tiempo de tratamiento de sus datos personales, siempre que este se haya tratado de forma il\u00edcita; el responsable ya no necesite los datos y cuando el usuario se haya opuesto al tratamiento.<\/li>\n<\/ul>\n<ul>\n<li>Derecho de oposici\u00f3n: el usuario tiene derecho a oponerse para que se lleve a cabo el tratamiento de sus datos de car\u00e1cter personal o se cese el tratamiento de los mismos por parte de El Chiringuito Group.<\/li>\n<\/ul>\n<p>As\u00ed pues, el usuario podr\u00e1 ejercitar sus derechos mediante comunicaci\u00f3n escrita ante la Autoridad de Control en materia de Protecci\u00f3n de Datos competente a trav\u00e9s de su sitio web: <a href=\"http:\/\/www.agpd.es\">www.agpd.es<\/a>.<\/p>\n<\/div><\/div><\/div><\/div><\/div>","protected":false},"excerpt":{"rendered":"","protected":false},"author":6,"featured_media":0,"parent":0,"menu_order":0,"comment_status":"closed","ping_status":"closed","template":"100-width.php","meta":{"footnotes":""},"class_list":["post-4895","page","type-page","status-publish","hentry"],"_links":{"self":[{"href":"https:\/\/elchiringuitogroup.com\/en\/wp-json\/wp\/v2\/pages\/4895","targetHints":{"allow":["GET"]}}],"collection":[{"href":"https:\/\/elchiringuitogroup.com\/en\/wp-json\/wp\/v2\/pages"}],"about":[{"href":"https:\/\/elchiringuitogroup.com\/en\/wp-json\/wp\/v2\/types\/page"}],"author":[{"embeddable":true,"href":"https:\/\/elchiringuitogroup.com\/en\/wp-json\/wp\/v2\/users\/6"}],"replies":[{"embeddable":true,"href":"https:\/\/elchiringuitogroup.com\/en\/wp-json\/wp\/v2\/comments?post=4895"}],"version-history":[{"count":5,"href":"https:\/\/elchiringuitogroup.com\/en\/wp-json\/wp\/v2\/pages\/4895\/revisions"}],"predecessor-version":[{"id":4905,"href":"https:\/\/elchiringuitogroup.com\/en\/wp-json\/wp\/v2\/pages\/4895\/revisions\/4905"}],"wp:attachment":[{"href":"https:\/\/elchiringuitogroup.com\/en\/wp-json\/wp\/v2\/media?parent=4895"}],"curies":[{"name":"wp","href":"https:\/\/api.w.org\/{rel}","templated":true}]}}