{"id":4889,"date":"2023-08-28T15:49:38","date_gmt":"2023-08-28T13:49:38","guid":{"rendered":"https:\/\/elchiringuitogroup.com\/?page_id=4889"},"modified":"2023-08-28T16:03:26","modified_gmt":"2023-08-28T14:03:26","slug":"politica-de-cookies","status":"publish","type":"page","link":"https:\/\/elchiringuitogroup.com\/en\/politica-de-cookies\/","title":{"rendered":"Pol\u00edtica de cookies"},"content":{"rendered":"<div class=\"fusion-fullwidth fullwidth-box fusion-builder-row-1 fusion-flex-container has-pattern-background has-mask-background nonhundred-percent-fullwidth non-hundred-percent-height-scrolling\" style=\"--awb-border-radius-top-left:0px;--awb-border-radius-top-right:0px;--awb-border-radius-bottom-right:0px;--awb-border-radius-bottom-left:0px;--awb-flex-wrap:wrap;\" ><div class=\"fusion-builder-row fusion-row fusion-flex-align-items-flex-start fusion-flex-content-wrap\" style=\"max-width:1248px;margin-left: calc(-4% \/ 2 );margin-right: calc(-4% \/ 2 );\"><div class=\"fusion-layout-column fusion_builder_column fusion-builder-column-0 fusion_builder_column_1_1 1_1 fusion-flex-column\" style=\"--awb-bg-size:cover;--awb-width-large:100%;--awb-margin-top-large:0px;--awb-spacing-right-large:1.92%;--awb-margin-bottom-large:20px;--awb-spacing-left-large:1.92%;--awb-width-medium:100%;--awb-order-medium:0;--awb-spacing-right-medium:1.92%;--awb-spacing-left-medium:1.92%;--awb-width-small:100%;--awb-order-small:0;--awb-spacing-right-small:1.92%;--awb-spacing-left-small:1.92%;\"><div class=\"fusion-column-wrapper fusion-column-has-shadow fusion-flex-justify-content-flex-start fusion-content-layout-column\"><div class=\"fusion-title title fusion-title-1 fusion-sep-none fusion-title-text fusion-title-size-one\" style=\"--awb-font-size:40px;\"><h1 class=\"fusion-title-heading title-heading-left\" style=\"margin:0;font-size:1em;\">Pol\u00edtica de cookies<\/h1><\/div><div class=\"fusion-text fusion-text-1\" style=\"--awb-text-font-family:&quot;Poppins&quot;;--awb-text-font-style:normal;--awb-text-font-weight:400;\"><p>\u00daltima actualizaci\u00f3n: 28\/08\/2023<\/p>\n<p>Este documento, la Pol\u00edtica de Cookies, explica c\u00f3mo esta p\u00e1gina web utiliza cookies y tecnolog\u00edas similares en nuestro sitio web. Al visitar y utilizar este sitio web, aceptas el uso de cookies seg\u00fan lo descrito en esta pol\u00edtica.<\/p>\n<p><strong>\u00bfQu\u00e9 son las cookies?<\/strong><\/p>\n<p>Las cookies son peque\u00f1os archivos de texto que se almacenan en tu dispositivo (computadora, tel\u00e9fono m\u00f3vil, u otro dispositivo) cuando visitas un sitio web. Estas cookies ayudan al sitio web a recordar informaci\u00f3n sobre tu visita y preferencias, lo que puede mejorar tu experiencia de navegaci\u00f3n.<\/p>\n<p><strong>\u00bfPara qu\u00e9 utiliza las cookies esta p\u00e1gina web?<\/strong><\/p>\n<p>Esta p\u00e1gina web utiliza las cookies para una serie de finalidades, las cuales son las siguientes:<\/p>\n<p><strong>An\u00e1lisis: <\/strong>Utilizamos cookies de an\u00e1lisis, como Google Analytics, para recopilar informaci\u00f3n sobre c\u00f3mo los visitantes interact\u00faan con nuestro sitio web. Estas cookies nos permiten comprender qu\u00e9 p\u00e1ginas son m\u00e1s populares, c\u00f3mo los usuarios navegan por el sitio y si encuentran alg\u00fan error. La informaci\u00f3n recopilada es an\u00f3nima y se utiliza para mejorar la funcionalidad y la experiencia del usuario en el sitio.<\/p>\n<p><strong>Tipos de cookies que utilizamos<\/strong><\/p>\n<ul>\n<li><strong>Cookies esenciales:<\/strong> Estas cookies son necesarias para el funcionamiento b\u00e1sico del sitio web. No recopilan informaci\u00f3n personal y generalmente se configuran en respuesta a tus acciones, como establecer tus preferencias de privacidad, iniciar sesi\u00f3n o completar formularios.<\/li>\n<li><strong>Cookies de rendimiento:<\/strong> Estas cookies recopilan informaci\u00f3n sobre c\u00f3mo los visitantes utilizan nuestro sitio web, por ejemplo, qu\u00e9 p\u00e1ginas visitan con m\u00e1s frecuencia y si reciben mensajes de error. Esta informaci\u00f3n nos ayuda a mejorar el rendimiento de nuestro sitio.<\/li>\n<li><strong>Cookies de funcionalidad:<\/strong> Estas cookies permiten que el sitio web recuerde tus elecciones y proporciona caracter\u00edsticas mejoradas y m\u00e1s personalizadas. Por ejemplo, pueden recordar tu nombre de usuario y preferencias de idioma.<\/li>\n<\/ul>\n<p><strong>\u00bfC\u00f3mo gestionar las cookies?<\/strong><\/p>\n<p>Puedes administrar tus preferencias de cookies a trav\u00e9s de la configuraci\u00f3n de tu navegador. Puedes bloquear o eliminar cookies seg\u00fan lo desees. Ten en cuenta que la desactivaci\u00f3n de ciertas cookies puede afectar la funcionalidad de nuestro sitio web.<\/p>\n<p><strong>Cookies de terceros<\/strong><\/p>\n<p><strong>Cookies de Redes Sociales:<\/strong> En algunas p\u00e1ginas de nuestro sitio web, hemos integrado botones y widgets de redes sociales que permiten a los usuarios compartir contenido en plataformas como Instagram, Tik Tok y otras. Estos servicios pueden establecer sus propias cookies para rastrear la actividad del usuario, como la interacci\u00f3n con los botones de redes sociales y las sesiones de inicio de sesi\u00f3n en esas plataformas.<\/p>\n<p><strong>Cambios en la Pol\u00edtica de Cookies<\/strong><\/p>\n<p>Podemos actualizar nuestra Pol\u00edtica de Cookies ocasionalmente para reflejar cambios en nuestras pr\u00e1cticas y servicios. Te recomendamos revisar esta p\u00e1gina regularmente para mantenerse informado sobre c\u00f3mo utilizamos las cookies.<\/p>\n<p><strong>Contact<\/strong><\/p>\n<p>Si tienes alguna pregunta sobre nuestra Pol\u00edtica de Cookies, puedes contactarnos en info@elchiringuitogroup.com.<\/p>\n<\/div><\/div><\/div><\/div><\/div>","protected":false},"excerpt":{"rendered":"","protected":false},"author":6,"featured_media":0,"parent":0,"menu_order":0,"comment_status":"closed","ping_status":"closed","template":"100-width.php","meta":{"footnotes":""},"class_list":["post-4889","page","type-page","status-publish","hentry"],"_links":{"self":[{"href":"https:\/\/elchiringuitogroup.com\/en\/wp-json\/wp\/v2\/pages\/4889","targetHints":{"allow":["GET"]}}],"collection":[{"href":"https:\/\/elchiringuitogroup.com\/en\/wp-json\/wp\/v2\/pages"}],"about":[{"href":"https:\/\/elchiringuitogroup.com\/en\/wp-json\/wp\/v2\/types\/page"}],"author":[{"embeddable":true,"href":"https:\/\/elchiringuitogroup.com\/en\/wp-json\/wp\/v2\/users\/6"}],"replies":[{"embeddable":true,"href":"https:\/\/elchiringuitogroup.com\/en\/wp-json\/wp\/v2\/comments?post=4889"}],"version-history":[{"count":3,"href":"https:\/\/elchiringuitogroup.com\/en\/wp-json\/wp\/v2\/pages\/4889\/revisions"}],"predecessor-version":[{"id":4902,"href":"https:\/\/elchiringuitogroup.com\/en\/wp-json\/wp\/v2\/pages\/4889\/revisions\/4902"}],"wp:attachment":[{"href":"https:\/\/elchiringuitogroup.com\/en\/wp-json\/wp\/v2\/media?parent=4889"}],"curies":[{"name":"wp","href":"https:\/\/api.w.org\/{rel}","templated":true}]}}