{"id":4886,"date":"2023-08-28T15:46:59","date_gmt":"2023-08-28T13:46:59","guid":{"rendered":"https:\/\/elchiringuitogroup.com\/?page_id=4886"},"modified":"2023-08-29T16:20:45","modified_gmt":"2023-08-29T14:20:45","slug":"aviso-legal","status":"publish","type":"page","link":"https:\/\/elchiringuitogroup.com\/en\/aviso-legal\/","title":{"rendered":"Aviso legal"},"content":{"rendered":"<div class=\"fusion-fullwidth fullwidth-box fusion-builder-row-1 fusion-flex-container has-pattern-background has-mask-background nonhundred-percent-fullwidth non-hundred-percent-height-scrolling\" style=\"--awb-border-radius-top-left:0px;--awb-border-radius-top-right:0px;--awb-border-radius-bottom-right:0px;--awb-border-radius-bottom-left:0px;--awb-flex-wrap:wrap;\" ><div class=\"fusion-builder-row fusion-row fusion-flex-align-items-flex-start fusion-flex-content-wrap\" style=\"max-width:1248px;margin-left: calc(-4% \/ 2 );margin-right: calc(-4% \/ 2 );\"><div class=\"fusion-layout-column fusion_builder_column fusion-builder-column-0 fusion_builder_column_1_1 1_1 fusion-flex-column\" style=\"--awb-bg-size:cover;--awb-width-large:100%;--awb-margin-top-large:0px;--awb-spacing-right-large:1.92%;--awb-margin-bottom-large:20px;--awb-spacing-left-large:1.92%;--awb-width-medium:100%;--awb-order-medium:0;--awb-spacing-right-medium:1.92%;--awb-spacing-left-medium:1.92%;--awb-width-small:100%;--awb-order-small:0;--awb-spacing-right-small:1.92%;--awb-spacing-left-small:1.92%;\"><div class=\"fusion-column-wrapper fusion-column-has-shadow fusion-flex-justify-content-flex-start fusion-content-layout-column\"><div class=\"fusion-title title fusion-title-1 fusion-sep-none fusion-title-text fusion-title-size-one\" style=\"--awb-font-size:40px;\"><h1 class=\"fusion-title-heading title-heading-left\" style=\"margin:0;font-size:1em;\">Aviso legal<\/h1><\/div><div class=\"fusion-text fusion-text-1\" style=\"--awb-text-font-family:&quot;Poppins&quot;;--awb-text-font-style:normal;--awb-text-font-weight:400;\"><p>\u00daltima actualizaci\u00f3n: 28\/08\/2023<\/p>\n<p><strong>INFORMACI\u00d3N GENERAL<\/strong><\/p>\n<p>El presente aviso legal regula el uso y la utilizaci\u00f3n del sitio web <a href=\"http:\/\/elchiringuitogroup.com\/en\/\">elchiringuitogroup.com<\/a> , propiedad de OFISOL 2000, S.L.<\/p>\n<p>La navegaci\u00f3n por el sitio web de El Chiringuito Group implica la condici\u00f3n de usuario de este y conlleva la aceptaci\u00f3n plena y sin reservas de todas y cada una de las condiciones publicadas en este aviso legal.<\/p>\n<p>El Chiringuito Group se reserva el derecho de realizar modificaciones en las condiciones establecidas en este aviso legal en cualquier momento y sin previo aviso. Por ello, se aconseja a los usuarios leer atentamente su contenido y revisar peri\u00f3dicamente esta p\u00e1gina para mantenerse informados sobre posibles cambios.<\/p>\n<p>Asimismo, el usuario se compromete a hacer un uso correcto del sitio web conforme a las leyes, la buena fe, el orden p\u00fablico, los usos del tr\u00e1fico y del presente Aviso Legal, y responder\u00e1 frente a El Chiringuito Group o frente a terceros, de cualquier da\u00f1o y prejuicio que pudiera causarse como consecuencia del incumplimiento de dicha obligaci\u00f3n.<\/p>\n<p>Cualquier utilizaci\u00f3n del sitio web que no est\u00e9 expresamente autorizada est\u00e1 prohibida. El Chiringuito Group se reserva el derecho de denegar o retirar el acceso al sitio web en cualquier momento, en caso de un uso no autorizado.<\/p>\n<p><strong>CONDICIONES DE USO<\/strong><\/p>\n<p>El acceso y uso del sitio web est\u00e1n sujetos a las siguientes condiciones:<\/p>\n<ul>\n<li>Al visitar este sitio web, el usuario se compromete a actuar de manera responsable y respetando todas las leyes y regulaciones aplicadas, as\u00ed como, a modo de ejemplo, aquellas actuaciones que vulneren derechos de propiedad intelectual e industrial, secretos empresariales, derechos al honor, a la intimidad personal y familiar y a la propia imagen, tal y como establecen las normativas en materia de competencia desleal y publicidad il\u00edcita.<\/li>\n<li>No nos hacemos responsables por cualquier da\u00f1o o perjuicio derivado del uso o la imposibilidad de uso del sitio web, as\u00ed como la imposibilidad de acceso al sitio web o la presencia de virus o de otros elementos en los contenidos que puedan producir alteraciones en los sistemas inform\u00e1ticos, documentos electr\u00f3nicos o datos de los usuarios.<\/li>\n<li>Asimismo, la empresa tampoco se hace responsable sobre cualquier tipo de informaci\u00f3n que provenga de una fuente distinta a nuestra web y no sea gestionada por nuestro web master. El Chiringuito Group no garantiza ni se responsabiliza del funcionamiento, accesibilidad o existencia de sitios enlazados, ni sugiere, invita o recomienda la visita a los mismos, por lo que no se hace responsable de los resultados obtenidos.<strong style=\"color: var(--awb-text-color); font-family: var(--awb-text-font-family); font-size: var(--awb-font-size); font-style: var(--awb-text-font-style); letter-spacing: var(--awb-letter-spacing); text-align: var(--awb-content-alignment); text-transform: var(--awb-text-transform); background-color: var(--awb-bg-color);\"> <\/strong><\/li>\n<\/ul>\n<p><strong>PROPIEDAD INTELECTUAL E INDUSTRIAL<\/strong><\/p>\n<p>El Chiringuito Group es titular de todos los derechos de propiedad intelectual e industrial de su p\u00e1gina web.<\/p>\n<p>Todas las obras y elementos presentes en el sitio web de El Chiringuito Group est\u00e1n protegidos por el ordenamiento jur\u00eddico espa\u00f1ol en materia de propiedad intelectual e industrial, siendo de aplicaci\u00f3n las leyes y tratados internacionales relativos a esta materia. Todos los elementos contenidos en la web, incluyendo, pero no limitado a textos, im\u00e1genes, gr\u00e1ficos, logotipos, videos y otros contenidos, son titularidad exclusiva de la empresa.<\/p>\n<p>En virtud de lo dispuesto en los art\u00edculos 8 y 32.1, p\u00e1rrafo segundo, de la Ley de Propiedad Intelectual, queda expresamente prohibida la supresi\u00f3n, alteraci\u00f3n, elusi\u00f3n o manipulaci\u00f3n de cualquier elemento o contenido presente en este sitio web sin el consentimiento previo y por escrito de El Chiringuito Group.<\/p>\n<p>El usuario se compromete a respetar los derechos de propiedad intelectual e industrial titularidad de El Chiringuito Group. Se permite la impresi\u00f3n, visualizaci\u00f3n, copia y almacenamiento del contenido de la web para uso personal y no comercial.<\/p>\n<p><strong>ACCIONES LEGALES<\/strong><\/p>\n<p>El Chiringuito Group se reserva el derecho de ejercer cuantas acciones legales considere oportunas para hacer valer sus derechos y reclamar las responsabilidades derivadas de cualquier uso indebido o no autorizado del sitio web. Esto incluye, pero no se limita a, el derecho de presentar acciones civiles o penales por infracci\u00f3n de los derechos de propiedad intelectual e industrial, as\u00ed como por cualquier otro acto il\u00edcito que afecte los intereses de El Chiringuito Group.<\/p>\n<p><strong>IDENTIFICACI\u00d3N<\/strong><\/p>\n<p>El Chiringuito Group, en cumplimiento de la Ley 34\/2002, de 11 de julio, de Servicios de la Sociedad de la Informaci\u00f3n y de Comercio Electr\u00f3nico, le informa de que:<\/p>\n<ul>\n<li>Sociedad: OFISOL 2000 S.L.<\/li>\n<li>CIF: B-63022412<\/li>\n<li>Domicilio social: C\/ Coma de Bo, 64-70 \u2013 08394 St. Vicen\u00e7 de Montalt<\/li>\n<\/ul>\n<p><strong>CONTACTO<\/strong><\/p>\n<p>Si tienes alguna pregunta sobre este aviso legal, puedes contactarnos mediante:<\/p>\n<ul>\n<li>Tel\u00e9fono: 672719349<\/li>\n<li>Email: <a href=\"mailto:oficina@elchiringuitogroup.com\">oficina@elchiringuitogroup.com<\/a><\/li>\n<\/ul>\n<\/div><\/div><\/div><\/div><\/div>","protected":false},"excerpt":{"rendered":"","protected":false},"author":6,"featured_media":0,"parent":0,"menu_order":0,"comment_status":"closed","ping_status":"closed","template":"100-width.php","meta":{"footnotes":""},"class_list":["post-4886","page","type-page","status-publish","hentry"],"_links":{"self":[{"href":"https:\/\/elchiringuitogroup.com\/en\/wp-json\/wp\/v2\/pages\/4886","targetHints":{"allow":["GET"]}}],"collection":[{"href":"https:\/\/elchiringuitogroup.com\/en\/wp-json\/wp\/v2\/pages"}],"about":[{"href":"https:\/\/elchiringuitogroup.com\/en\/wp-json\/wp\/v2\/types\/page"}],"author":[{"embeddable":true,"href":"https:\/\/elchiringuitogroup.com\/en\/wp-json\/wp\/v2\/users\/6"}],"replies":[{"embeddable":true,"href":"https:\/\/elchiringuitogroup.com\/en\/wp-json\/wp\/v2\/comments?post=4886"}],"version-history":[{"count":4,"href":"https:\/\/elchiringuitogroup.com\/en\/wp-json\/wp\/v2\/pages\/4886\/revisions"}],"predecessor-version":[{"id":4903,"href":"https:\/\/elchiringuitogroup.com\/en\/wp-json\/wp\/v2\/pages\/4886\/revisions\/4903"}],"wp:attachment":[{"href":"https:\/\/elchiringuitogroup.com\/en\/wp-json\/wp\/v2\/media?parent=4886"}],"curies":[{"name":"wp","href":"https:\/\/api.w.org\/{rel}","templated":true}]}}